{"id":907,"date":"2017-06-10T08:21:56","date_gmt":"2017-06-10T08:21:56","guid":{"rendered":"http:\/\/xtratheme.combuilding\/?page_id=4"},"modified":"2026-01-02T11:16:12","modified_gmt":"2026-01-02T16:16:12","slug":"home","status":"publish","type":"page","link":"https:\/\/pfc.com.pa\/en\/","title":{"rendered":"Home"},"content":{"rendered":"<div data-elementor-type=\"wp-page\" data-elementor-id=\"907\" class=\"elementor elementor-907\">\n\t\t\t\t\t\t<section class=\"elementor-section elementor-top-section elementor-element elementor-element-535bdee elementor-section-full_width elementor-section-stretched elementor-section-height-default elementor-section-height-default\" data-id=\"535bdee\" data-element_type=\"section\" data-e-type=\"section\" data-settings=\"{&quot;stretch_section&quot;:&quot;section-stretched&quot;}\">\n\t\t\t\t\t\t<div class=\"elementor-container elementor-column-gap-no\">\n\t\t\t\t\t<div class=\"elementor-column elementor-col-100 elementor-top-column elementor-element elementor-element-bf0354a\" data-id=\"bf0354a\" data-element_type=\"column\" data-e-type=\"column\">\n\t\t\t<div class=\"elementor-widget-wrap elementor-element-populated\">\n\t\t\t\t\t\t<div class=\"elementor-element elementor-element-0852ddc elementor-widget elementor-widget-cz_separator\" data-id=\"0852ddc\" data-element_type=\"widget\" data-e-type=\"widget\" data-widget_type=\"cz_separator.default\">\n\t\t\t\t<div class=\"elementor-widget-container\">\n\t\t\t\t\t\t\t<div class=\"relative\">\r\n\t\t\t<div class=\"cz_sep2 cz_sep2_52 cz_sep_rotatey_bottom\">\r\n\t\t\t\t<svg preserveaspectratio=\"none\" xmlns=\"http:\/\/www.w3.org\/2000\/svg\" width=\"100%\"  viewbox=\"0 0 1600 257\">\r\n\t\t\t\t\t\t\t<path style=\"fill:#ffffff\" d=\"M-7-10H1618V288H-7V-10ZM173.416,229.5L1611.94,3.759a50,50,0,0,0,42.21-56.729l-44.42-302.759A50,50,0,0,0,1553-397.94L-34.024-172.2a50,50,0,0,0-42.212,56.729L116.687,187.289C136.2,218.611,146.844,232.009,173.416,229.5Z\"\/>\r\n\t\t\t\t\t\t<\/svg>\t\t\t<\/div>\r\n\t\t<\/div>\r\n\t\t\t\t\t\t<\/div>\n\t\t\t\t<\/div>\n\t\t\t\t\t<\/div>\n\t\t<\/div>\n\t\t\t\t\t<\/div>\n\t\t<\/section>\n\t\t\t\t<section class=\"elementor-section elementor-top-section elementor-element elementor-element-204bf86 elementor-section-boxed elementor-section-height-default elementor-section-height-default\" data-id=\"204bf86\" data-element_type=\"section\" data-e-type=\"section\">\n\t\t\t\t\t\t<div class=\"elementor-container elementor-column-gap-default\">\n\t\t\t\t\t<div class=\"elementor-column elementor-col-25 elementor-top-column elementor-element elementor-element-77d3118\" data-id=\"77d3118\" data-element_type=\"column\" data-e-type=\"column\" data-settings=\"{&quot;background_background&quot;:&quot;gradient&quot;}\">\n\t\t\t<div class=\"elementor-widget-wrap elementor-element-populated\">\n\t\t\t\t\t\t<div class=\"elementor-element elementor-element-f6ca8fe elementor-widget elementor-widget-cz_title\" data-id=\"f6ca8fe\" data-element_type=\"widget\" data-e-type=\"widget\" data-widget_type=\"cz_title.default\">\n\t\t\t\t<div class=\"elementor-widget-container\">\n\t\t\t\t\t\t\r\n\t\t<div>\r\n\t\t\t<div class=\"cz_title clr cz_mobile_text_center cz_title_ba_line cz_title_pos_inline\"><div class=\"cz_title_content\"><div class=\"cz_wpe_content\"><h1 style=\"line-height: 0.8;\"><span style=\"font-size: 29px;\">Bienvenido a Panama Fruit Company<\/span><\/h1><\/div><div class=\"cz_title_line cz_line_after_title\"><span>_<\/span><\/div><\/div><\/div>\r\n\t\t<\/div>\r\n\t\t\r\n\t\t\t\t\t\t<\/div>\n\t\t\t\t<\/div>\n\t\t\t\t<div class=\"elementor-element elementor-element-70932ec elementor-widget elementor-widget-cz_title\" data-id=\"70932ec\" data-element_type=\"widget\" data-e-type=\"widget\" data-widget_type=\"cz_title.default\">\n\t\t\t\t<div class=\"elementor-widget-container\">\n\t\t\t\t\t\t\r\n\t\t<div>\r\n\t\t\t<div class=\"cz_title clr cz_mobile_text_center cz_title_pos_inline\"><div class=\"cz_title_content\"><div class=\"cz_wpe_content\"><p><span style=\"font-size: 20px; margin-top: 10px; display: inline-block;\">\u00bfWhat We Do?<\/span><\/p><\/div><\/div><\/div>\r\n\t\t<\/div>\r\n\t\t\r\n\t\t\t\t\t\t<\/div>\n\t\t\t\t<\/div>\n\t\t\t\t\t<\/div>\n\t\t<\/div>\n\t\t\t\t<div class=\"elementor-column elementor-col-25 elementor-top-column elementor-element elementor-element-39db6cd\" data-id=\"39db6cd\" data-element_type=\"column\" data-e-type=\"column\">\n\t\t\t<div class=\"elementor-widget-wrap elementor-element-populated\">\n\t\t\t\t\t\t<div class=\"elementor-element elementor-element-a6f5387 elementor-invisible elementor-widget elementor-widget-cz_service_box\" data-id=\"a6f5387\" data-element_type=\"widget\" data-e-type=\"widget\" data-settings=\"{&quot;_animation&quot;:&quot;fadeInUp&quot;}\" data-widget_type=\"cz_service_box.default\">\n\t\t\t\t<div class=\"elementor-widget-container\">\n\t\t\t\t\t<div class=\"services clr style11 cz_sbi_fx_10 services_b\"><div class=\"service_img\"><img loading=\"lazy\" decoding=\"async\" width=\"128\" height=\"128\" src=\"https:\/\/pfc.com.pa\/wp-content\/uploads\/2018\/08\/plant.png\" class=\"attachment-large size-large wp-image-952\" alt=\"Plant\" srcset=\"https:\/\/pfc.com.pa\/wp-content\/uploads\/2018\/08\/plant.png 128w, https:\/\/pfc.com.pa\/wp-content\/uploads\/2018\/08\/plant-100x100.png 100w\" sizes=\"auto, (max-width: 128px) 100vw, 128px\" \/><\/div><div class=\"service_text\"><h3>Agricultural Production:<\/h3><div class=\"cz_wpe_content\"><p><span style=\"color: #000000;\">We grow a variety of high-quality products, ensuring freshness in every harvest.<\/span><\/p><\/div><\/div><\/div>\t\t\t\t<\/div>\n\t\t\t\t<\/div>\n\t\t\t\t\t<\/div>\n\t\t<\/div>\n\t\t\t\t<div class=\"elementor-column elementor-col-25 elementor-top-column elementor-element elementor-element-643d405\" data-id=\"643d405\" data-element_type=\"column\" data-e-type=\"column\">\n\t\t\t<div class=\"elementor-widget-wrap elementor-element-populated\">\n\t\t\t\t\t\t<div class=\"elementor-element elementor-element-baaba26 elementor-invisible elementor-widget elementor-widget-cz_service_box\" data-id=\"baaba26\" data-element_type=\"widget\" data-e-type=\"widget\" data-settings=\"{&quot;_animation&quot;:&quot;fadeInUp&quot;,&quot;_animation_delay&quot;:200}\" data-widget_type=\"cz_service_box.default\">\n\t\t\t\t<div class=\"elementor-widget-container\">\n\t\t\t\t\t<div class=\"services clr style11 cz_sbi_fx_10 services_b\"><div class=\"service_img\"><img loading=\"lazy\" decoding=\"async\" width=\"128\" height=\"128\" src=\"https:\/\/pfc.com.pa\/wp-content\/uploads\/2018\/08\/seeds.png\" class=\"attachment-large size-large wp-image-955\" alt=\"Seeds\" srcset=\"https:\/\/pfc.com.pa\/wp-content\/uploads\/2018\/08\/seeds.png 128w, https:\/\/pfc.com.pa\/wp-content\/uploads\/2018\/08\/seeds-100x100.png 100w\" sizes=\"auto, (max-width: 128px) 100vw, 128px\" \/><\/div><div class=\"service_text\"><h3>Farm Management and Operations:<\/h3><div class=\"cz_wpe_content\"><p><span style=\"color: #000000;\">We offer customized solutions for full-service farm management to maximize efficiency and yield.<\/span><\/p><\/div><\/div><\/div>\t\t\t\t<\/div>\n\t\t\t\t<\/div>\n\t\t\t\t\t<\/div>\n\t\t<\/div>\n\t\t\t\t<div class=\"elementor-column elementor-col-25 elementor-top-column elementor-element elementor-element-478b063\" data-id=\"478b063\" data-element_type=\"column\" data-e-type=\"column\">\n\t\t\t<div class=\"elementor-widget-wrap elementor-element-populated\">\n\t\t\t\t\t\t<div class=\"elementor-element elementor-element-f51283a elementor-invisible elementor-widget elementor-widget-cz_service_box\" data-id=\"f51283a\" data-element_type=\"widget\" data-e-type=\"widget\" data-settings=\"{&quot;_animation&quot;:&quot;fadeInUp&quot;,&quot;_animation_delay&quot;:300}\" data-widget_type=\"cz_service_box.default\">\n\t\t\t\t<div class=\"elementor-widget-container\">\n\t\t\t\t\t<div class=\"services clr style11 cz_sbi_fx_10 services_b\"><div class=\"service_img\"><img loading=\"lazy\" decoding=\"async\" width=\"128\" height=\"128\" src=\"https:\/\/pfc.com.pa\/wp-content\/uploads\/2025\/02\/Diseno-sin-titulo.png\" class=\"attachment-large size-large wp-image-1975\" alt=\"Diseno sin titulo\" srcset=\"https:\/\/pfc.com.pa\/wp-content\/uploads\/2025\/02\/Diseno-sin-titulo.png 128w, https:\/\/pfc.com.pa\/wp-content\/uploads\/2025\/02\/Diseno-sin-titulo-12x12.png 12w\" sizes=\"auto, (max-width: 128px) 100vw, 128px\" \/><\/div><div class=\"service_text\"><h3>Product Distribution and Marketing:<\/h3><div class=\"cz_wpe_content\"><p><span style=\"color: #000000;\">We connect our fresh produce directly to consumers and businesses, ensuring reliability and quality in every delivery.<\/span><\/p><\/div><\/div><\/div>\t\t\t\t<\/div>\n\t\t\t\t<\/div>\n\t\t\t\t\t<\/div>\n\t\t<\/div>\n\t\t\t\t\t<\/div>\n\t\t<\/section>\n\t\t\t\t<section class=\"elementor-section elementor-top-section elementor-element elementor-element-ef2fd61 elementor-section-full_width elementor-section-stretched elementor-section-height-default elementor-section-height-default\" data-id=\"ef2fd61\" data-element_type=\"section\" data-e-type=\"section\" data-settings=\"{&quot;stretch_section&quot;:&quot;section-stretched&quot;}\">\n\t\t\t\t\t\t<div class=\"elementor-container elementor-column-gap-no\">\n\t\t\t\t\t<div class=\"elementor-column elementor-col-100 elementor-top-column elementor-element elementor-element-40c0df5\" data-id=\"40c0df5\" data-element_type=\"column\" data-e-type=\"column\">\n\t\t\t<div class=\"elementor-widget-wrap elementor-element-populated\">\n\t\t\t\t\t\t<div class=\"elementor-element elementor-element-90ff887 elementor-widget elementor-widget-cz_separator\" data-id=\"90ff887\" data-element_type=\"widget\" data-e-type=\"widget\" data-widget_type=\"cz_separator.default\">\n\t\t\t\t<div class=\"elementor-widget-container\">\n\t\t\t\t\t\t\t<div class=\"relative\">\r\n\t\t\t<div class=\"cz_sep2 cz_sep2_52 cz_sep_top\">\r\n\t\t\t\t<svg preserveaspectratio=\"none\" xmlns=\"http:\/\/www.w3.org\/2000\/svg\" width=\"100%\"  viewbox=\"0 0 1600 257\">\r\n\t\t\t\t\t\t\t<path style=\"fill:#ffffff\" d=\"M-7-10H1618V288H-7V-10ZM173.416,229.5L1611.94,3.759a50,50,0,0,0,42.21-56.729l-44.42-302.759A50,50,0,0,0,1553-397.94L-34.024-172.2a50,50,0,0,0-42.212,56.729L116.687,187.289C136.2,218.611,146.844,232.009,173.416,229.5Z\"\/>\r\n\t\t\t\t\t\t<\/svg>\t\t\t<\/div>\r\n\t\t<\/div>\r\n\t\t\t\t\t\t<\/div>\n\t\t\t\t<\/div>\n\t\t\t\t\t<\/div>\n\t\t<\/div>\n\t\t\t\t\t<\/div>\n\t\t<\/section>\n\t\t\t\t<section class=\"elementor-section elementor-top-section elementor-element elementor-element-131df66 elementor-section-stretched elementor-section-boxed elementor-section-height-default elementor-section-height-default\" data-id=\"131df66\" data-element_type=\"section\" data-e-type=\"section\" data-settings=\"{&quot;stretch_section&quot;:&quot;section-stretched&quot;,&quot;background_background&quot;:&quot;classic&quot;}\">\n\t\t\t\t\t\t<div class=\"elementor-container elementor-column-gap-default\">\n\t\t\t\t\t<div class=\"elementor-column elementor-col-50 elementor-top-column elementor-element elementor-element-37212a1\" data-id=\"37212a1\" data-element_type=\"column\" data-e-type=\"column\" data-settings=\"{&quot;background_background&quot;:&quot;classic&quot;}\">\n\t\t\t<div class=\"elementor-widget-wrap elementor-element-populated\">\n\t\t\t\t\t\t<div class=\"elementor-element elementor-element-3072491 elementor-widget elementor-widget-cz_title\" data-id=\"3072491\" data-element_type=\"widget\" data-e-type=\"widget\" data-widget_type=\"cz_title.default\">\n\t\t\t\t<div class=\"elementor-widget-container\">\n\t\t\t\t\t\t\r\n\t\t<div>\r\n\t\t\t<div class=\"cz_title clr cz_mobile_text_center cz_title_ba_line cz_title_pos_inline\"><div class=\"cz_title_content\"><div class=\"cz_wpe_content\"><h3><span style=\"font-size: 34px;\">\nGetting our Priorities Right  <span style=\"color: #006938;\">Prioridades<\/span><\/span><\/h3><\/div><div class=\"cz_title_line cz_line_after_title\"><span>_<\/span><\/div><\/div><\/div>\r\n\t\t<\/div>\r\n\t\t\r\n\t\t\t\t\t\t<\/div>\n\t\t\t\t<\/div>\n\t\t\t\t<section class=\"elementor-section elementor-inner-section elementor-element elementor-element-3cae527 elementor-section-boxed elementor-section-height-default elementor-section-height-default\" data-id=\"3cae527\" data-element_type=\"section\" data-e-type=\"section\">\n\t\t\t\t\t\t<div class=\"elementor-container elementor-column-gap-default\">\n\t\t\t\t\t<div class=\"elementor-column elementor-col-100 elementor-inner-column elementor-element elementor-element-6f43f2a\" data-id=\"6f43f2a\" data-element_type=\"column\" data-e-type=\"column\">\n\t\t\t<div class=\"elementor-widget-wrap elementor-element-populated\">\n\t\t\t\t\t\t<div class=\"elementor-element elementor-element-1232f16 center_on_mobile elementor-widget elementor-widget-cz_button\" data-id=\"1232f16\" data-element_type=\"widget\" data-e-type=\"widget\" data-widget_type=\"cz_button.default\">\n\t\t\t\t<div class=\"elementor-widget-container\">\n\t\t\t\t\t\t\t<div class=\"cz_btn_inline\">\r\n\t\t\t<div>\r\n\t\t\t\t<a href=\"https:\/\/pfc.com.pa\/en\/sostenibilidad\/\" target=\"_blank\" rel=\"nofollow\" class=\"cz_btn cz_btn_txt_no_fx cz_btn_no_fx\">\r\n\r\n\t\t\t\t\t<span>\t\t\t\t\t\t<strong>LEARN MORE\t\t\t\t\t\t\t\t\t\t\t\t\t<\/strong>\r\n\t\t\t\t\t\t\t\t\t\t\t<\/span>\r\n\r\n\t\t\t\t\t<b class=\"cz_btn_onhover\">\r\n\t\t\t\t\t\t\t\t\t\t\t\t<strong>\r\n\t\t\t\t\t\t\tLEARN MORE\t\t\t\t\t\t\t\t\t\t\t\t\t<\/strong>\r\n\t\t\t\t\t\t\t\t\t\t\t<\/b>\r\n\r\n\t\t\t\t<\/a>\r\n\t\t\t<\/div>\r\n\t\t<\/div> \t\t\t\t\t\t<\/div>\n\t\t\t\t<\/div>\n\t\t\t\t<div class=\"elementor-element elementor-element-0b56339 elementor-widget elementor-widget-cz_title\" data-id=\"0b56339\" data-element_type=\"widget\" data-e-type=\"widget\" data-widget_type=\"cz_title.default\">\n\t\t\t\t<div class=\"elementor-widget-container\">\n\t\t\t\t\t\t\r\n\t\t<div>\r\n\t\t\t<div class=\"cz_title clr cz_mobile_text_center cz_title_pos_inline\"><div class=\"cz_title_content\"><div class=\"cz_wpe_content\"><p><span style=\"font-size: 20px; margin-top: 10px; display: inline-block; color: #000000;\">We believe that our success is based on the parts that are most precious to us: our employees, resources, the environment and communities<\/span><\/p><\/div><\/div><\/div>\r\n\t\t<\/div>\r\n\t\t\r\n\t\t\t\t\t\t<\/div>\n\t\t\t\t<\/div>\n\t\t\t\t\t<\/div>\n\t\t<\/div>\n\t\t\t\t\t<\/div>\n\t\t<\/section>\n\t\t\t\t\t<\/div>\n\t\t<\/div>\n\t\t\t\t<div class=\"elementor-column elementor-col-50 elementor-top-column elementor-element elementor-element-2c65fd1\" data-id=\"2c65fd1\" data-element_type=\"column\" data-e-type=\"column\">\n\t\t\t<div class=\"elementor-widget-wrap\">\n\t\t\t\t\t\t\t<\/div>\n\t\t<\/div>\n\t\t\t\t\t<\/div>\n\t\t<\/section>\n\t\t\t\t<\/div>","protected":false},"excerpt":{"rendered":"<p>Bienvenido a Panama Fruit Company _ \u00bfQu\u00e9 hacemos? Producci\u00f3n agr\u00edcola: Cultivamos &#8230; <\/p>","protected":false},"author":1,"featured_media":1922,"parent":0,"menu_order":0,"comment_status":"closed","ping_status":"closed","template":"","meta":{"footnotes":""},"class_list":["post-907","page","type-page","status-publish","has-post-thumbnail","hentry"],"_links":{"self":[{"href":"https:\/\/pfc.com.pa\/en\/wp-json\/wp\/v2\/pages\/907","targetHints":{"allow":["GET"]}}],"collection":[{"href":"https:\/\/pfc.com.pa\/en\/wp-json\/wp\/v2\/pages"}],"about":[{"href":"https:\/\/pfc.com.pa\/en\/wp-json\/wp\/v2\/types\/page"}],"author":[{"embeddable":true,"href":"https:\/\/pfc.com.pa\/en\/wp-json\/wp\/v2\/users\/1"}],"replies":[{"embeddable":true,"href":"https:\/\/pfc.com.pa\/en\/wp-json\/wp\/v2\/comments?post=907"}],"version-history":[{"count":71,"href":"https:\/\/pfc.com.pa\/en\/wp-json\/wp\/v2\/pages\/907\/revisions"}],"predecessor-version":[{"id":2089,"href":"https:\/\/pfc.com.pa\/en\/wp-json\/wp\/v2\/pages\/907\/revisions\/2089"}],"wp:featuredmedia":[{"embeddable":true,"href":"https:\/\/pfc.com.pa\/en\/wp-json\/wp\/v2\/media\/1922"}],"wp:attachment":[{"href":"https:\/\/pfc.com.pa\/en\/wp-json\/wp\/v2\/media?parent=907"}],"curies":[{"name":"wp","href":"https:\/\/api.w.org\/{rel}","templated":true}]}}